{"id":80,"date":"2024-04-17T20:05:11","date_gmt":"2024-04-17T23:05:11","guid":{"rendered":"https:\/\/boniark.com.br\/?page_id=80"},"modified":"2026-03-24T14:16:38","modified_gmt":"2026-03-24T17:16:38","slug":"projetos","status":"publish","type":"page","link":"http:\/\/boniark.com.br\/?page_id=80","title":{"rendered":"Projetos"},"content":{"rendered":"\n<p>Alguns projetos realizados por n\u00f3s<\/p>\n\n\n\n<figure class=\"wp-block-gallery has-nested-images columns-3 wp-block-gallery-1 is-layout-flex wp-block-gallery-is-layout-flex\">\n<figure class=\"wp-block-image size-full has-custom-border\"><img loading=\"lazy\" decoding=\"async\" width=\"1920\" height=\"1080\" data-id=\"562\" src=\"http:\/\/boniark.com.br\/wp-content\/uploads\/pb_Imag1.png\" alt=\"\" class=\"wp-image-562\" style=\"border-style:none;border-width:0px\"\/><figcaption class=\"wp-element-caption\"><em>Apartamento de 140 m\u00b2<\/em><br><strong>EM BREVE<\/strong><\/figcaption><\/figure>\n\n\n\n<figure class=\"wp-block-image size-large has-custom-border is-style-default\"><img loading=\"lazy\" decoding=\"async\" width=\"1920\" height=\"1080\" data-id=\"594\" src=\"https:\/\/boniark.com.br\/wp-content\/uploads\/Image10-1.png\" alt=\"\" class=\"wp-image-594\" style=\"border-style:none;border-width:0px\"\/><figcaption class=\"wp-element-caption\"><em>Apartamento no Para\u00edso<\/em><br><strong>EM BREVE<\/strong><\/figcaption><\/figure>\n\n\n\n<figure class=\"wp-block-image size-full has-custom-border\"><a href=\"https:\/\/boniark.com.br\/?p=535\"><img loading=\"lazy\" decoding=\"async\" width=\"1920\" height=\"1080\" data-id=\"552\" src=\"http:\/\/boniark.com.br\/wp-content\/uploads\/01-14.png\" alt=\"\" class=\"wp-image-552\" style=\"border-style:none;border-width:0px\"\/><\/a><figcaption class=\"wp-element-caption\"><em>Levantamento Digital Hoteleiro<\/em><\/figcaption><\/figure>\n\n\n\n<figure class=\"wp-block-image size-full has-custom-border\"><a href=\"https:\/\/boniark.com.br\/?p=523\"><img loading=\"lazy\" decoding=\"async\" width=\"1920\" height=\"1080\" data-id=\"524\" src=\"http:\/\/boniark.com.br\/wp-content\/uploads\/01-12.png\" alt=\"\" class=\"wp-image-524\" style=\"border-style:none;border-width:0px\"\/><\/a><figcaption class=\"wp-element-caption\"><em>Levantamento Digital Corporativo<\/em><\/figcaption><\/figure>\n\n\n\n<figure class=\"wp-block-image size-full has-custom-border\"><a href=\"https:\/\/boniark.com.br\/?p=503\"><img loading=\"lazy\" decoding=\"async\" width=\"1920\" height=\"1080\" data-id=\"504\" src=\"http:\/\/boniark.com.br\/wp-content\/uploads\/Image1-8.png\" alt=\"\" class=\"wp-image-504\" style=\"border-style:none;border-width:0px;border-radius:0px\"\/><\/a><figcaption class=\"wp-element-caption\"><em>Cl\u00ednica Odontol\u00f3gica<\/em><\/figcaption><\/figure>\n\n\n\n<figure class=\"wp-block-image size-full has-custom-border\"><a href=\"https:\/\/boniark.com.br\/?p=464\"><img loading=\"lazy\" decoding=\"async\" width=\"1125\" height=\"610\" data-id=\"487\" src=\"https:\/\/boniark.com.br\/wp-content\/uploads\/capa-1.png\" alt=\"\" class=\"wp-image-487\" style=\"border-style:none;border-width:0px\"\/><\/a><figcaption class=\"wp-element-caption\"><em>Expans\u00e3o de Grande Hospital do Nordeste<\/em><\/figcaption><\/figure>\n\n\n\n<figure class=\"wp-block-image size-large has-custom-border\"><a href=\"https:\/\/boniark.com.br\/?p=396\"><img loading=\"lazy\" decoding=\"async\" width=\"1333\" height=\"750\" data-id=\"391\" src=\"https:\/\/boniark.com.br\/wp-content\/uploads\/Image1-7.png\" alt=\"\" class=\"wp-image-391\" style=\"border-style:none;border-width:0px\"\/><\/a><figcaption class=\"wp-element-caption\"><em>Consult\u00f3rio de Obstetr\u00edcia<\/em><\/figcaption><\/figure>\n\n\n\n<figure class=\"wp-block-image size-large has-custom-border\"><a href=\"https:\/\/boniark.com.br\/?p=334\"><img loading=\"lazy\" decoding=\"async\" width=\"800\" height=\"450\" data-id=\"336\" src=\"https:\/\/boniark.com.br\/wp-content\/uploads\/Image3-3.png\" alt=\"\" class=\"wp-image-336\" style=\"border-style:none;border-width:0px\"\/><\/a><figcaption class=\"wp-element-caption\"><em>Instituto de Engenharia<\/em><\/figcaption><\/figure>\n\n\n\n<figure class=\"wp-block-image size-large has-custom-border\"><a href=\"https:\/\/boniark.com.br\/?p=260\"><img loading=\"lazy\" decoding=\"async\" width=\"690\" height=\"388\" data-id=\"257\" src=\"https:\/\/boniark.com.br\/wp-content\/uploads\/CAPA-1.png\" alt=\"\" class=\"wp-image-257\" style=\"border-style:none;border-width:0px\"\/><\/a><figcaption class=\"wp-element-caption\"><em>Projeto de Vigil\u00e2ncia Sanit\u00e1ria para renomado Hospital de S\u00e3o Paulo<\/em><\/figcaption><\/figure>\n\n\n\n<figure class=\"wp-block-image size-large has-custom-border\"><a href=\"https:\/\/boniark.com.br\/?p=142\"><img loading=\"lazy\" decoding=\"async\" width=\"1816\" height=\"1024\" data-id=\"141\" src=\"https:\/\/boniark.com.br\/wp-content\/uploads\/01-2.png\" alt=\"\" class=\"wp-image-141\" style=\"border-style:none;border-width:0px\"\/><\/a><figcaption class=\"wp-element-caption\"><em>Consult\u00f3rio de Psican\u00e1lise<\/em><\/figcaption><\/figure>\n\n\n\n<figure class=\"wp-block-image size-large has-custom-border\"><a href=\"https:\/\/boniark.com.br\/?p=286\"><img loading=\"lazy\" decoding=\"async\" width=\"457\" height=\"257\" data-id=\"284\" src=\"https:\/\/boniark.com.br\/wp-content\/uploads\/01-11.png\" alt=\"\" class=\"wp-image-284\" style=\"border-style:none;border-width:0px\"\/><\/a><figcaption class=\"wp-element-caption\"><em>Apartamento na Zona Sul de SP<\/em><\/figcaption><\/figure>\n\n\n\n<figure class=\"wp-block-image size-full has-custom-border\"><a href=\"https:\/\/boniark.com.br\/?p=209\"><img loading=\"lazy\" decoding=\"async\" width=\"1920\" height=\"1080\" data-id=\"214\" src=\"http:\/\/boniark.com.br\/wp-content\/uploads\/Image9_000-1.png\" alt=\"\" class=\"wp-image-214\" style=\"border-style:none;border-width:0px\"\/><\/a><figcaption class=\"wp-element-caption\"><em>Cobertura Residencial na Zona Oeste de SP<\/em><\/figcaption><\/figure>\n\n\n\n<figure class=\"wp-block-image size-large has-custom-border\"><a href=\"https:\/\/boniark.com.br\/?p=300\"><img loading=\"lazy\" decoding=\"async\" width=\"1052\" height=\"591\" data-id=\"304\" src=\"https:\/\/boniark.com.br\/wp-content\/uploads\/CAPA-4.png\" alt=\"\" class=\"wp-image-304\" style=\"border-style:none;border-width:0px\"\/><\/a><figcaption class=\"wp-element-caption\"><em>Hospital-Escola<\/em><\/figcaption><\/figure>\n\n\n\n<figure class=\"wp-block-image size-large has-custom-border\"><a href=\"https:\/\/boniark.com.br\/?p=178\"><img loading=\"lazy\" decoding=\"async\" width=\"1816\" height=\"1024\" data-id=\"179\" src=\"https:\/\/boniark.com.br\/wp-content\/uploads\/01-4.png\" alt=\"\" class=\"wp-image-179\" style=\"border-style:none;border-width:0px\"\/><\/a><figcaption class=\"wp-element-caption\"><em>Consult\u00f3rio de Homeopata<\/em><\/figcaption><\/figure>\n\n\n\n<figure class=\"wp-block-image size-large has-custom-border\"><a href=\"https:\/\/boniark.com.br\/?p=240\"><img loading=\"lazy\" decoding=\"async\" width=\"1920\" height=\"1080\" data-id=\"238\" src=\"https:\/\/boniark.com.br\/wp-content\/uploads\/02-3.png\" alt=\"\" class=\"wp-image-238\" style=\"border-style:none;border-width:0px\"\/><\/a><figcaption class=\"wp-element-caption\"><em>Boulangerie<\/em><\/figcaption><\/figure>\n<\/figure>\n\n\n\n<div class=\"wp-block-group alignfull has-contrast-color has-text-color is-vertical is-content-justification-center is-layout-flex wp-container-core-group-is-layout-e33b1aca wp-block-group-is-layout-flex\" style=\"min-height:40vh;margin-top:0;margin-bottom:0;padding-top:var(--wp--preset--spacing--60);padding-right:var(--wp--preset--spacing--50);padding-bottom:var(--wp--preset--spacing--60);padding-left:var(--wp--preset--spacing--50)\"><div style=\"margin-bottom:6px;\" class=\"aligncenter is-style-default wp-block-site-logo\"><a href=\"http:\/\/boniark.com.br\/\" class=\"custom-logo-link\" rel=\"home\"><img loading=\"lazy\" decoding=\"async\" width=\"57\" height=\"57\" src=\"http:\/\/boniark.com.br\/wp-content\/uploads\/2023\/11\/boniark-azul-7.png\" class=\"custom-logo\" alt=\"Boniark\" \/><\/a><\/div>\n\n\n<p class=\"has-text-align-center has-small-font-size\"><a href=\"https:\/\/www.instagram.com\/boniark.studio\/\" data-type=\"link\" data-id=\"https:\/\/www.instagram.com\/boniark.studio\/\">@boniark.studio<\/a><\/p>\n\n\n\n<p class=\"has-small-font-size\">orcamento@boniark.com.br<\/p>\n<\/div>\n","protected":false},"excerpt":{"rendered":"<p>Alguns projetos realizados por n\u00f3s @boniark.studio orcamento@boniark.com.br<\/p>\n","protected":false},"author":2,"featured_media":0,"parent":0,"menu_order":0,"comment_status":"closed","ping_status":"closed","template":"","meta":{"neve_meta_sidebar":"","neve_meta_container":"","neve_meta_enable_content_width":"","neve_meta_content_width":0,"neve_meta_title_alignment":"","neve_meta_author_avatar":"","neve_post_elements_order":"","neve_meta_disable_header":"","neve_meta_disable_footer":"","neve_meta_disable_title":"","footnotes":"[]"},"class_list":["post-80","page","type-page","status-publish","hentry"],"_links":{"self":[{"href":"http:\/\/boniark.com.br\/index.php?rest_route=\/wp\/v2\/pages\/80","targetHints":{"allow":["GET"]}}],"collection":[{"href":"http:\/\/boniark.com.br\/index.php?rest_route=\/wp\/v2\/pages"}],"about":[{"href":"http:\/\/boniark.com.br\/index.php?rest_route=\/wp\/v2\/types\/page"}],"author":[{"embeddable":true,"href":"http:\/\/boniark.com.br\/index.php?rest_route=\/wp\/v2\/users\/2"}],"replies":[{"embeddable":true,"href":"http:\/\/boniark.com.br\/index.php?rest_route=%2Fwp%2Fv2%2Fcomments&post=80"}],"version-history":[{"count":53,"href":"http:\/\/boniark.com.br\/index.php?rest_route=\/wp\/v2\/pages\/80\/revisions"}],"predecessor-version":[{"id":596,"href":"http:\/\/boniark.com.br\/index.php?rest_route=\/wp\/v2\/pages\/80\/revisions\/596"}],"wp:attachment":[{"href":"http:\/\/boniark.com.br\/index.php?rest_route=%2Fwp%2Fv2%2Fmedia&parent=80"}],"curies":[{"name":"wp","href":"https:\/\/api.w.org\/{rel}","templated":true}]}}